{"id":152,"date":"2016-01-18T15:07:17","date_gmt":"2016-01-18T15:07:17","guid":{"rendered":"http:\/\/192.168.0.110\/camping\/?page_id=152"},"modified":"2024-01-05T09:45:26","modified_gmt":"2024-01-05T09:45:26","slug":"mobile-home-15m2","status":"publish","type":"page","link":"https:\/\/campingcitecarcassonne.com\/index.php\/hebergement\/mobile-home-15m2\/","title":{"rendered":"Mobile-home 15m\u00b2 (4 personnes)"},"content":{"rendered":"\t\t<div data-elementor-type=\"wp-page\" data-elementor-id=\"152\" class=\"elementor elementor-152\">\n\t\t\t\t\t\t<section class=\"elementor-section elementor-top-section elementor-element elementor-element-c03412a elementor-section-boxed elementor-section-height-default elementor-section-height-default\" data-id=\"c03412a\" data-element_type=\"section\" data-e-type=\"section\">\n\t\t\t\t\t\t<div class=\"elementor-container elementor-column-gap-default\">\n\t\t\t\t\t<div class=\"elementor-column elementor-col-100 elementor-top-column elementor-element elementor-element-b534965\" data-id=\"b534965\" data-element_type=\"column\" data-e-type=\"column\">\n\t\t\t<div class=\"elementor-widget-wrap elementor-element-populated\">\n\t\t\t\t\t\t<div class=\"elementor-element elementor-element-96fa2a4 elementor-widget elementor-widget-heading\" data-id=\"96fa2a4\" data-element_type=\"widget\" data-e-type=\"widget\" data-widget_type=\"heading.default\">\n\t\t\t\t<div class=\"elementor-widget-container\">\n\t\t\t\t\t<h2 class=\"elementor-heading-title elementor-size-default\">NOS MOBILE-HOMES 15 M\u00b2<\/h2>\t\t\t\t<\/div>\n\t\t\t\t<\/div>\n\t\t\t\t<div class=\"elementor-element elementor-element-b5e33c2 elementor-widget elementor-widget-text-editor\" data-id=\"b5e33c2\" data-element_type=\"widget\" data-e-type=\"widget\" data-widget_type=\"text-editor.default\">\n\t\t\t\t<div class=\"elementor-widget-container\">\n\t\t\t\t\t\t\t\t\t<p><span style=\"text-decoration: underline;\"><strong>Capacit\u00e9 :<\/strong><\/span> 4 personnes chambre double + chambre avec lits simples superpos\u00e9s + s\u00e9jour et cuisine sans \u00e9vier. SANS salle de bain et wc<\/p>\t\t\t\t\t\t\t\t<\/div>\n\t\t\t\t<\/div>\n\t\t\t\t<div class=\"elementor-element elementor-element-086155d elementor-widget elementor-widget-image\" data-id=\"086155d\" data-element_type=\"widget\" data-e-type=\"widget\" data-widget_type=\"image.default\">\n\t\t\t\t<div class=\"elementor-widget-container\">\n\t\t\t\t\t\t\t\t\t\t\t\t\t\t\t<img fetchpriority=\"high\" decoding=\"async\" width=\"640\" height=\"427\" src=\"https:\/\/campingcitecarcassonne.com\/wp-content\/uploads\/2016\/01\/MH15-2-1024x683.jpg\" class=\"attachment-large size-large wp-image-2306\" alt=\"\" srcset=\"https:\/\/campingcitecarcassonne.com\/wp-content\/uploads\/2016\/01\/MH15-2-1024x683.jpg 1024w, https:\/\/campingcitecarcassonne.com\/wp-content\/uploads\/2016\/01\/MH15-2-300x200.jpg 300w, https:\/\/campingcitecarcassonne.com\/wp-content\/uploads\/2016\/01\/MH15-2-768x512.jpg 768w, https:\/\/campingcitecarcassonne.com\/wp-content\/uploads\/2016\/01\/MH15-2-750x500.jpg 750w\" sizes=\"(max-width: 640px) 100vw, 640px\" \/>\t\t\t\t\t\t\t\t\t\t\t\t\t\t\t<\/div>\n\t\t\t\t<\/div>\n\t\t\t\t<div class=\"elementor-element elementor-element-f271522 elementor-widget elementor-widget-heading\" data-id=\"f271522\" data-element_type=\"widget\" data-e-type=\"widget\" data-widget_type=\"heading.default\">\n\t\t\t\t<div class=\"elementor-widget-container\">\n\t\t\t\t\t<h2 class=\"elementor-heading-title elementor-size-default\">S\u00e9jour et cuisine <\/h2>\t\t\t\t<\/div>\n\t\t\t\t<\/div>\n\t\t\t\t<div class=\"elementor-element elementor-element-9d8f72f elementor-widget elementor-widget-text-editor\" data-id=\"9d8f72f\" data-element_type=\"widget\" data-e-type=\"widget\" data-widget_type=\"text-editor.default\">\n\t\t\t\t<div class=\"elementor-widget-container\">\n\t\t\t\t\t\t\t\t\t<p>Kitchenette \u00e9quip\u00e9e d&rsquo;une plaque \u00e9lectrique deux feux et d&rsquo;un r\u00e9frig\u00e9rateur<br \/>Kit vaisselle et assise pr\u00e9vus pour 4 personnes<br \/>Pas d&rsquo;eau courante mais chauffage dans l&rsquo;habitat<\/p>\t\t\t\t\t\t\t\t<\/div>\n\t\t\t\t<\/div>\n\t\t\t\t<div class=\"elementor-element elementor-element-ecfc543 elementor-widget elementor-widget-image\" data-id=\"ecfc543\" data-element_type=\"widget\" data-e-type=\"widget\" data-widget_type=\"image.default\">\n\t\t\t\t<div class=\"elementor-widget-container\">\n\t\t\t\t\t\t\t\t\t\t\t\t\t\t\t<img decoding=\"async\" src=\"https:\/\/campingcitecarcassonne.com\/wp-content\/uploads\/elementor\/thumbs\/SALON-q1838o188d1pqh3wxexeano7fy5oqr644uhy81181s.jpg\" title=\"SALON\" alt=\"SALON\" loading=\"lazy\" \/>\t\t\t\t\t\t\t\t\t\t\t\t\t\t\t<\/div>\n\t\t\t\t<\/div>\n\t\t\t\t<div class=\"elementor-element elementor-element-72281d2 elementor-widget elementor-widget-spacer\" data-id=\"72281d2\" data-element_type=\"widget\" data-e-type=\"widget\" data-widget_type=\"spacer.default\">\n\t\t\t\t<div class=\"elementor-widget-container\">\n\t\t\t\t\t\t\t<div class=\"elementor-spacer\">\n\t\t\t<div class=\"elementor-spacer-inner\"><\/div>\n\t\t<\/div>\n\t\t\t\t\t\t<\/div>\n\t\t\t\t<\/div>\n\t\t\t\t<div class=\"elementor-element elementor-element-1e86a07 elementor-widget elementor-widget-heading\" data-id=\"1e86a07\" data-element_type=\"widget\" data-e-type=\"widget\" data-widget_type=\"heading.default\">\n\t\t\t\t<div class=\"elementor-widget-container\">\n\t\t\t\t\t<h2 class=\"elementor-heading-title elementor-size-default\">Chambres<\/h2>\t\t\t\t<\/div>\n\t\t\t\t<\/div>\n\t\t\t\t<div class=\"elementor-element elementor-element-c4ac2f0 elementor-widget elementor-widget-text-editor\" data-id=\"c4ac2f0\" data-element_type=\"widget\" data-e-type=\"widget\" data-widget_type=\"text-editor.default\">\n\t\t\t\t<div class=\"elementor-widget-container\">\n\t\t\t\t\t\t\t\t\t<p>1 chambre avec un lit double en 120 et 1 chambre avec deux lits simples superpos\u00e9s en 70.<br>Pas d&#8217;emplacement pour un lit b\u00e9b\u00e9.<br>Les lits sont \u00e9quip\u00e9s avec des couvertures, oreillers et al\u00e8ses.<\/p>\n<p><span style=\"text-decoration: underline;\"><strong>Attention<\/strong> <\/span>: les draps ne sont pas fournis<\/p>\t\t\t\t\t\t\t\t<\/div>\n\t\t\t\t<\/div>\n\t\t\t\t<section class=\"elementor-section elementor-inner-section elementor-element elementor-element-58bc06b elementor-section-boxed elementor-section-height-default elementor-section-height-default\" data-id=\"58bc06b\" data-element_type=\"section\" data-e-type=\"section\">\n\t\t\t\t\t\t<div class=\"elementor-container elementor-column-gap-default\">\n\t\t\t\t\t<div class=\"elementor-column elementor-col-50 elementor-inner-column elementor-element elementor-element-1419441\" data-id=\"1419441\" data-element_type=\"column\" data-e-type=\"column\">\n\t\t\t<div class=\"elementor-widget-wrap elementor-element-populated\">\n\t\t\t\t\t\t<div class=\"elementor-element elementor-element-9b88300 elementor-widget elementor-widget-image\" data-id=\"9b88300\" data-element_type=\"widget\" data-e-type=\"widget\" data-widget_type=\"image.default\">\n\t\t\t\t<div class=\"elementor-widget-container\">\n\t\t\t\t\t\t\t\t\t\t\t\t\t\t\t<img decoding=\"async\" src=\"https:\/\/campingcitecarcassonne.com\/wp-content\/uploads\/elementor\/thumbs\/ADULTES-q1838rskzp6v0wygbgjwkmq1thn5ljl1hd3w54vncw.jpg\" title=\"ADULTES\" alt=\"ADULTES\" loading=\"lazy\" \/>\t\t\t\t\t\t\t\t\t\t\t\t\t\t\t<\/div>\n\t\t\t\t<\/div>\n\t\t\t\t\t<\/div>\n\t\t<\/div>\n\t\t\t\t<div class=\"elementor-column elementor-col-50 elementor-inner-column elementor-element elementor-element-8d93bfd\" data-id=\"8d93bfd\" data-element_type=\"column\" data-e-type=\"column\">\n\t\t\t<div class=\"elementor-widget-wrap elementor-element-populated\">\n\t\t\t\t\t\t<div class=\"elementor-element elementor-element-4c25a0c elementor-widget elementor-widget-image\" data-id=\"4c25a0c\" data-element_type=\"widget\" data-e-type=\"widget\" data-widget_type=\"image.default\">\n\t\t\t\t<div class=\"elementor-widget-container\">\n\t\t\t\t\t\t\t\t\t\t\t\t\t\t\t<img decoding=\"async\" src=\"https:\/\/campingcitecarcassonne.com\/wp-content\/uploads\/elementor\/thumbs\/ENFANTS-q1838fkoiuq4tzg7at9r67t23hbdth8j3omkwjdrls.jpg\" title=\"ENFANTS\" alt=\"ENFANTS\" loading=\"lazy\" \/>\t\t\t\t\t\t\t\t\t\t\t\t\t\t\t<\/div>\n\t\t\t\t<\/div>\n\t\t\t\t\t<\/div>\n\t\t<\/div>\n\t\t\t\t\t<\/div>\n\t\t<\/section>\n\t\t\t\t<div class=\"elementor-element elementor-element-e28a158 elementor-widget elementor-widget-spacer\" data-id=\"e28a158\" data-element_type=\"widget\" data-e-type=\"widget\" data-widget_type=\"spacer.default\">\n\t\t\t\t<div class=\"elementor-widget-container\">\n\t\t\t\t\t\t\t<div class=\"elementor-spacer\">\n\t\t\t<div class=\"elementor-spacer-inner\"><\/div>\n\t\t<\/div>\n\t\t\t\t\t\t<\/div>\n\t\t\t\t<\/div>\n\t\t\t\t<div class=\"elementor-element elementor-element-5111e2c elementor-widget elementor-widget-heading\" data-id=\"5111e2c\" data-element_type=\"widget\" data-e-type=\"widget\" data-widget_type=\"heading.default\">\n\t\t\t\t<div class=\"elementor-widget-container\">\n\t\t\t\t\t<h2 class=\"elementor-heading-title elementor-size-default\">Inventaire <\/h2>\t\t\t\t<\/div>\n\t\t\t\t<\/div>\n\t\t\t\t<div class=\"elementor-element elementor-element-e522943 elementor-widget elementor-widget-text-editor\" data-id=\"e522943\" data-element_type=\"widget\" data-e-type=\"widget\" data-widget_type=\"text-editor.default\">\n\t\t\t\t<div class=\"elementor-widget-container\">\n\t\t\t\t\t\t\t\t\t<p style=\"text-align: left;\"><strong>kit vaisselle<\/strong> : assiettes plates, assiettes creuses, assiettes \u00e0 dessert, bols, verres, tasses \u00e0 caf\u00e9 avec sous-tasses, cuill\u00e8res, fourchettes, couteaux, cuill\u00e8res \u00e0 caf\u00e9, carafe, cafeti\u00e8re \u00e9lectrique, casseroles, faitout, plat, saladier, po\u00eale, passoire, planche \u00e0 d\u00e9couper, ustensiles de cuisine.<\/p>\n<strong>M\u00e9nage<\/strong> : seau, serpilli\u00e8re, bassine, balai coco, balai brosse, pelle, poubelle, \u00e9tendoir \u00e0 linge\t\t\t\t\t\t\t\t<\/div>\n\t\t\t\t<\/div>\n\t\t\t\t<div class=\"elementor-element elementor-element-bd0dd13 elementor-widget elementor-widget-spacer\" data-id=\"bd0dd13\" data-element_type=\"widget\" data-e-type=\"widget\" data-widget_type=\"spacer.default\">\n\t\t\t\t<div class=\"elementor-widget-container\">\n\t\t\t\t\t\t\t<div class=\"elementor-spacer\">\n\t\t\t<div class=\"elementor-spacer-inner\"><\/div>\n\t\t<\/div>\n\t\t\t\t\t\t<\/div>\n\t\t\t\t<\/div>\n\t\t\t\t<div class=\"elementor-element elementor-element-c87c306 elementor-widget elementor-widget-text-editor\" data-id=\"c87c306\" data-element_type=\"widget\" data-e-type=\"widget\" data-widget_type=\"text-editor.default\">\n\t\t\t\t<div class=\"elementor-widget-container\">\n\t\t\t\t\t\t\t\t\t<p style=\"text-align: center;\"><span style=\"color: #ff0000;\">Rappel : pas de t\u00e9l\u00e9vision ni de climatiseur <\/span><\/p>\t\t\t\t\t\t\t\t<\/div>\n\t\t\t\t<\/div>\n\t\t\t\t<div class=\"elementor-element elementor-element-0fc3190 elementor-widget elementor-widget-text-editor\" data-id=\"0fc3190\" data-element_type=\"widget\" data-e-type=\"widget\" data-widget_type=\"text-editor.default\">\n\t\t\t\t<div class=\"elementor-widget-container\">\n\t\t\t\t\t\t\t\t\t<p style=\"text-align: center;\"><a href=\"https:\/\/thelisresa.webcamp.fr\/?lang=fr&amp;camping=carcassonne&amp;PHPSESSID=37c37md4osh01d1n38tdgspqpn\"><span style=\"text-decoration: underline;\"><strong>JE R\u00c9SERVE MON 15 M\u00b2<\/strong><\/span><\/a><\/p>\t\t\t\t\t\t\t\t<\/div>\n\t\t\t\t<\/div>\n\t\t\t\t\t<\/div>\n\t\t<\/div>\n\t\t\t\t\t<\/div>\n\t\t<\/section>\n\t\t\t\t<\/div>\n\t\t","protected":false},"excerpt":{"rendered":"<p>NOS MOBILE-HOMES 15 M\u00b2 Capacit\u00e9 : 4 personnes chambre double + chambre avec lits simples superpos\u00e9s + s\u00e9jour et cuisine sans \u00e9vier. SANS salle de bain et wc S\u00e9jour et cuisine Kitchenette \u00e9quip\u00e9e d&rsquo;une plaque \u00e9lectrique deux feux et d&rsquo;un r\u00e9frig\u00e9rateurKit vaisselle et assise pr\u00e9vus pour 4 personnesPas d&rsquo;eau courante mais chauffage dans l&rsquo;habitat Chambres<a href=\"https:\/\/campingcitecarcassonne.com\/index.php\/hebergement\/mobile-home-15m2\/\">[&#8230;]<\/a><\/p>\n","protected":false},"author":1,"featured_media":0,"parent":2,"menu_order":0,"comment_status":"closed","ping_status":"closed","template":"","meta":{"footnotes":""},"class_list":["post-152","page","type-page","status-publish","hentry"],"_links":{"self":[{"href":"https:\/\/campingcitecarcassonne.com\/index.php\/wp-json\/wp\/v2\/pages\/152","targetHints":{"allow":["GET"]}}],"collection":[{"href":"https:\/\/campingcitecarcassonne.com\/index.php\/wp-json\/wp\/v2\/pages"}],"about":[{"href":"https:\/\/campingcitecarcassonne.com\/index.php\/wp-json\/wp\/v2\/types\/page"}],"author":[{"embeddable":true,"href":"https:\/\/campingcitecarcassonne.com\/index.php\/wp-json\/wp\/v2\/users\/1"}],"replies":[{"embeddable":true,"href":"https:\/\/campingcitecarcassonne.com\/index.php\/wp-json\/wp\/v2\/comments?post=152"}],"version-history":[{"count":218,"href":"https:\/\/campingcitecarcassonne.com\/index.php\/wp-json\/wp\/v2\/pages\/152\/revisions"}],"predecessor-version":[{"id":6675,"href":"https:\/\/campingcitecarcassonne.com\/index.php\/wp-json\/wp\/v2\/pages\/152\/revisions\/6675"}],"up":[{"embeddable":true,"href":"https:\/\/campingcitecarcassonne.com\/index.php\/wp-json\/wp\/v2\/pages\/2"}],"wp:attachment":[{"href":"https:\/\/campingcitecarcassonne.com\/index.php\/wp-json\/wp\/v2\/media?parent=152"}],"curies":[{"name":"wp","href":"https:\/\/api.w.org\/{rel}","templated":true}]}}