{"id":2073,"date":"2017-09-09T10:02:42","date_gmt":"2017-09-09T10:02:42","guid":{"rendered":"http:\/\/www.campingcitecarcassonne.com\/?page_id=2073"},"modified":"2023-02-24T10:51:16","modified_gmt":"2023-02-24T10:51:16","slug":"aide-au-paiement-sur-internet","status":"publish","type":"page","link":"https:\/\/campingcitecarcassonne.com\/index.php\/aide-au-paiement-sur-internet\/","title":{"rendered":"Aide au paiement"},"content":{"rendered":"\t\t<div data-elementor-type=\"wp-page\" data-elementor-id=\"2073\" class=\"elementor elementor-2073\">\n\t\t\t\t\t\t<section class=\"elementor-section elementor-top-section elementor-element elementor-element-273d7e13 elementor-section-boxed elementor-section-height-default elementor-section-height-default\" data-id=\"273d7e13\" data-element_type=\"section\" data-e-type=\"section\">\n\t\t\t\t\t\t<div class=\"elementor-container elementor-column-gap-default\">\n\t\t\t\t\t<div class=\"elementor-column elementor-col-100 elementor-top-column elementor-element elementor-element-24c61d98\" data-id=\"24c61d98\" data-element_type=\"column\" data-e-type=\"column\">\n\t\t\t<div class=\"elementor-widget-wrap elementor-element-populated\">\n\t\t\t\t\t\t<div class=\"elementor-element elementor-element-8459c39 elementor-widget elementor-widget-text-editor\" data-id=\"8459c39\" data-element_type=\"widget\" data-e-type=\"widget\" data-widget_type=\"text-editor.default\">\n\t\t\t\t<div class=\"elementor-widget-container\">\n\t\t\t\t\t\t\t\t\t<p>Le montant total de votre s\u00e9jour doit \u00eatre r\u00e9gl\u00e9 au moins un mois avant votre arriv\u00e9e. Vous avez la possibilit\u00e9 de r\u00e9aliser un paiement en plusieurs fois, sans frais.<\/p><p><strong>Pour r\u00e9gler votre solde, suivez les i<\/strong><b>ndication ci-dessous\u00a0<\/b><\/p>\t\t\t\t\t\t\t\t<\/div>\n\t\t\t\t<\/div>\n\t\t\t\t<div class=\"elementor-element elementor-element-1044f0d2 elementor-widget elementor-widget-text-editor\" data-id=\"1044f0d2\" data-element_type=\"widget\" data-e-type=\"widget\" data-widget_type=\"text-editor.default\">\n\t\t\t\t<div class=\"elementor-widget-container\">\n\t\t\t\t\t\t\t\t\t<p style=\"text-align: center;\"><img fetchpriority=\"high\" decoding=\"async\" class=\"alignnone size-full wp-image-2090\" src=\"https:\/\/campingcitecarcassonne.com\/wp-content\/uploads\/2017\/09\/Capture-1-FR.jpg\" alt=\"Capture 1 FR\" width=\"647\" height=\"915\" srcset=\"https:\/\/campingcitecarcassonne.com\/wp-content\/uploads\/2017\/09\/Capture-1-FR.jpg 647w, https:\/\/campingcitecarcassonne.com\/wp-content\/uploads\/2017\/09\/Capture-1-FR-212x300.jpg 212w\" sizes=\"(max-width: 647px) 100vw, 647px\" \/><\/p><p style=\"text-align: center;\"><img decoding=\"async\" class=\"alignnone size-full wp-image-2091\" src=\"https:\/\/campingcitecarcassonne.com\/wp-content\/uploads\/2017\/09\/Capture-2-1.jpg\" alt=\"Capture 2\" width=\"1569\" height=\"554\" srcset=\"https:\/\/campingcitecarcassonne.com\/wp-content\/uploads\/2017\/09\/Capture-2-1.jpg 1569w, https:\/\/campingcitecarcassonne.com\/wp-content\/uploads\/2017\/09\/Capture-2-1-300x106.jpg 300w, https:\/\/campingcitecarcassonne.com\/wp-content\/uploads\/2017\/09\/Capture-2-1-768x271.jpg 768w, https:\/\/campingcitecarcassonne.com\/wp-content\/uploads\/2017\/09\/Capture-2-1-1024x362.jpg 1024w\" sizes=\"(max-width: 1569px) 100vw, 1569px\" \/><\/p><p style=\"text-align: center;\"><img decoding=\"async\" class=\"alignnone size-full wp-image-2092\" src=\"https:\/\/campingcitecarcassonne.com\/wp-content\/uploads\/2017\/09\/Capture-3-FR.jpg\" alt=\"Capture 3 FR\" width=\"1919\" height=\"1041\" srcset=\"https:\/\/campingcitecarcassonne.com\/wp-content\/uploads\/2017\/09\/Capture-3-FR.jpg 1919w, https:\/\/campingcitecarcassonne.com\/wp-content\/uploads\/2017\/09\/Capture-3-FR-300x163.jpg 300w, https:\/\/campingcitecarcassonne.com\/wp-content\/uploads\/2017\/09\/Capture-3-FR-768x417.jpg 768w, https:\/\/campingcitecarcassonne.com\/wp-content\/uploads\/2017\/09\/Capture-3-FR-1024x555.jpg 1024w\" sizes=\"(max-width: 1919px) 100vw, 1919px\" \/><\/p><p style=\"text-align: center;\"><img loading=\"lazy\" decoding=\"async\" class=\"alignnone size-full wp-image-2093\" src=\"https:\/\/campingcitecarcassonne.com\/wp-content\/uploads\/2017\/09\/Capture-4-FR.jpg\" alt=\"Capture 4 FR\" width=\"1919\" height=\"1040\" srcset=\"https:\/\/campingcitecarcassonne.com\/wp-content\/uploads\/2017\/09\/Capture-4-FR.jpg 1919w, https:\/\/campingcitecarcassonne.com\/wp-content\/uploads\/2017\/09\/Capture-4-FR-300x163.jpg 300w, https:\/\/campingcitecarcassonne.com\/wp-content\/uploads\/2017\/09\/Capture-4-FR-768x416.jpg 768w, https:\/\/campingcitecarcassonne.com\/wp-content\/uploads\/2017\/09\/Capture-4-FR-1024x555.jpg 1024w\" sizes=\"(max-width: 1919px) 100vw, 1919px\" \/><\/p><p style=\"text-align: center;\"><img loading=\"lazy\" decoding=\"async\" class=\"alignnone wp-image-2096 size-full\" src=\"https:\/\/campingcitecarcassonne.com\/wp-content\/uploads\/2017\/09\/Capture-5-FR-1.jpg\" alt=\"\" width=\"1919\" height=\"947\" srcset=\"https:\/\/campingcitecarcassonne.com\/wp-content\/uploads\/2017\/09\/Capture-5-FR-1.jpg 1919w, https:\/\/campingcitecarcassonne.com\/wp-content\/uploads\/2017\/09\/Capture-5-FR-1-300x148.jpg 300w, https:\/\/campingcitecarcassonne.com\/wp-content\/uploads\/2017\/09\/Capture-5-FR-1-768x379.jpg 768w, https:\/\/campingcitecarcassonne.com\/wp-content\/uploads\/2017\/09\/Capture-5-FR-1-1024x505.jpg 1024w\" sizes=\"(max-width: 1919px) 100vw, 1919px\" \/><\/p><p style=\"text-align: center;\"><img loading=\"lazy\" decoding=\"async\" class=\"alignnone size-full wp-image-2095\" src=\"https:\/\/campingcitecarcassonne.com\/wp-content\/uploads\/2017\/09\/Capture-6-FR.jpg\" alt=\"Capture 6 FR\" width=\"1702\" height=\"923\" srcset=\"https:\/\/campingcitecarcassonne.com\/wp-content\/uploads\/2017\/09\/Capture-6-FR.jpg 1702w, https:\/\/campingcitecarcassonne.com\/wp-content\/uploads\/2017\/09\/Capture-6-FR-300x163.jpg 300w, https:\/\/campingcitecarcassonne.com\/wp-content\/uploads\/2017\/09\/Capture-6-FR-768x416.jpg 768w, https:\/\/campingcitecarcassonne.com\/wp-content\/uploads\/2017\/09\/Capture-6-FR-1024x555.jpg 1024w\" sizes=\"(max-width: 1702px) 100vw, 1702px\" \/><\/p>\t\t\t\t\t\t\t\t<\/div>\n\t\t\t\t<\/div>\n\t\t\t\t\t<\/div>\n\t\t<\/div>\n\t\t\t\t\t<\/div>\n\t\t<\/section>\n\t\t\t\t<\/div>\n\t\t","protected":false},"excerpt":{"rendered":"<p>Le montant total de votre s\u00e9jour doit \u00eatre r\u00e9gl\u00e9 au moins un mois avant votre arriv\u00e9e. Vous avez la possibilit\u00e9 de r\u00e9aliser un paiement en plusieurs fois, sans frais. Pour r\u00e9gler votre solde, suivez les indication ci-dessous&nbsp;<\/p>\n","protected":false},"author":2,"featured_media":0,"parent":0,"menu_order":0,"comment_status":"closed","ping_status":"closed","template":"","meta":{"footnotes":""},"class_list":["post-2073","page","type-page","status-publish","hentry"],"_links":{"self":[{"href":"https:\/\/campingcitecarcassonne.com\/index.php\/wp-json\/wp\/v2\/pages\/2073","targetHints":{"allow":["GET"]}}],"collection":[{"href":"https:\/\/campingcitecarcassonne.com\/index.php\/wp-json\/wp\/v2\/pages"}],"about":[{"href":"https:\/\/campingcitecarcassonne.com\/index.php\/wp-json\/wp\/v2\/types\/page"}],"author":[{"embeddable":true,"href":"https:\/\/campingcitecarcassonne.com\/index.php\/wp-json\/wp\/v2\/users\/2"}],"replies":[{"embeddable":true,"href":"https:\/\/campingcitecarcassonne.com\/index.php\/wp-json\/wp\/v2\/comments?post=2073"}],"version-history":[{"count":33,"href":"https:\/\/campingcitecarcassonne.com\/index.php\/wp-json\/wp\/v2\/pages\/2073\/revisions"}],"predecessor-version":[{"id":6139,"href":"https:\/\/campingcitecarcassonne.com\/index.php\/wp-json\/wp\/v2\/pages\/2073\/revisions\/6139"}],"wp:attachment":[{"href":"https:\/\/campingcitecarcassonne.com\/index.php\/wp-json\/wp\/v2\/media?parent=2073"}],"curies":[{"name":"wp","href":"https:\/\/api.w.org\/{rel}","templated":true}]}}