{"id":595,"date":"2016-02-01T16:33:58","date_gmt":"2016-02-01T16:33:58","guid":{"rendered":"http:\/\/v2.campingcarcassonne.com\/?page_id=595"},"modified":"2024-01-05T09:46:00","modified_gmt":"2024-01-05T09:46:00","slug":"mobile-home-31-m2","status":"publish","type":"page","link":"https:\/\/campingcitecarcassonne.com\/index.php\/hebergement\/mobile-home-31-m2\/","title":{"rendered":"Mobile-home 31m\u00b2 (6 personnes)"},"content":{"rendered":"\t\t<div data-elementor-type=\"wp-page\" data-elementor-id=\"595\" class=\"elementor elementor-595\">\n\t\t\t\t\t\t<section class=\"elementor-section elementor-top-section elementor-element elementor-element-4f56aa3a elementor-section-boxed elementor-section-height-default elementor-section-height-default\" data-id=\"4f56aa3a\" data-element_type=\"section\" data-e-type=\"section\">\n\t\t\t\t\t\t<div class=\"elementor-container elementor-column-gap-default\">\n\t\t\t\t\t<div class=\"elementor-column elementor-col-100 elementor-top-column elementor-element elementor-element-781eb14f\" data-id=\"781eb14f\" data-element_type=\"column\" data-e-type=\"column\">\n\t\t\t<div class=\"elementor-widget-wrap elementor-element-populated\">\n\t\t\t\t\t\t<div class=\"elementor-element elementor-element-86882c3 elementor-widget elementor-widget-heading\" data-id=\"86882c3\" data-element_type=\"widget\" data-e-type=\"widget\" data-widget_type=\"heading.default\">\n\t\t\t\t<div class=\"elementor-widget-container\">\n\t\t\t\t\t<h2 class=\"elementor-heading-title elementor-size-default\">NOS MOBILE-HOMES 31M\u00b2<\/h2>\t\t\t\t<\/div>\n\t\t\t\t<\/div>\n\t\t\t\t<div class=\"elementor-element elementor-element-273a71e elementor-widget elementor-widget-text-editor\" data-id=\"273a71e\" data-element_type=\"widget\" data-e-type=\"widget\" data-widget_type=\"text-editor.default\">\n\t\t\t\t<div class=\"elementor-widget-container\">\n\t\t\t\t\t\t\t\t\t<p><strong>Capacit\u00e9 :\u00a0<\/strong>6 personne avec chambre double + 2 chambres avec lits simples + s\u00e9jour avec TV et cuisine + salle de bain et WC ind\u00e9pendants + climatisation.<\/p><p>La disposition et les couleurs du mobilier ne sont pas les m\u00eames dans tous les mobile-homes 31m\u00b2<\/p>\t\t\t\t\t\t\t\t<\/div>\n\t\t\t\t<\/div>\n\t\t\t\t<div class=\"elementor-element elementor-element-ee74396 elementor-widget elementor-widget-image\" data-id=\"ee74396\" data-element_type=\"widget\" data-e-type=\"widget\" data-widget_type=\"image.default\">\n\t\t\t\t<div class=\"elementor-widget-container\">\n\t\t\t\t\t\t\t\t\t\t\t\t\t\t\t<img fetchpriority=\"high\" decoding=\"async\" width=\"640\" height=\"427\" src=\"https:\/\/campingcitecarcassonne.com\/wp-content\/uploads\/2016\/11\/MH40-1024x683.jpg\" class=\"attachment-large size-large wp-image-2374\" alt=\"\" srcset=\"https:\/\/campingcitecarcassonne.com\/wp-content\/uploads\/2016\/11\/MH40-1024x683.jpg 1024w, https:\/\/campingcitecarcassonne.com\/wp-content\/uploads\/2016\/11\/MH40-300x200.jpg 300w, https:\/\/campingcitecarcassonne.com\/wp-content\/uploads\/2016\/11\/MH40-768x512.jpg 768w, https:\/\/campingcitecarcassonne.com\/wp-content\/uploads\/2016\/11\/MH40-750x500.jpg 750w\" sizes=\"(max-width: 640px) 100vw, 640px\" \/>\t\t\t\t\t\t\t\t\t\t\t\t\t\t\t<\/div>\n\t\t\t\t<\/div>\n\t\t\t\t<div class=\"elementor-element elementor-element-7152866 elementor-widget elementor-widget-spacer\" data-id=\"7152866\" data-element_type=\"widget\" data-e-type=\"widget\" data-widget_type=\"spacer.default\">\n\t\t\t\t<div class=\"elementor-widget-container\">\n\t\t\t\t\t\t\t<div class=\"elementor-spacer\">\n\t\t\t<div class=\"elementor-spacer-inner\"><\/div>\n\t\t<\/div>\n\t\t\t\t\t\t<\/div>\n\t\t\t\t<\/div>\n\t\t\t\t<div class=\"elementor-element elementor-element-ff97bf0 elementor-widget elementor-widget-heading\" data-id=\"ff97bf0\" data-element_type=\"widget\" data-e-type=\"widget\" data-widget_type=\"heading.default\">\n\t\t\t\t<div class=\"elementor-widget-container\">\n\t\t\t\t\t<h2 class=\"elementor-heading-title elementor-size-default\">S\u00e9jour et cuisine <\/h2>\t\t\t\t<\/div>\n\t\t\t\t<\/div>\n\t\t\t\t<div class=\"elementor-element elementor-element-b0cc3bd elementor-widget elementor-widget-text-editor\" data-id=\"b0cc3bd\" data-element_type=\"widget\" data-e-type=\"widget\" data-widget_type=\"text-editor.default\">\n\t\t\t\t<div class=\"elementor-widget-container\">\n\t\t\t\t\t\t\t\t\t<p>Kitchenette \u00e9quip\u00e9e d\u2019une plaque deux feux gaz, un \u00e9vier, un r\u00e9frig\u00e9rateur-cong\u00e9lateur, un micro-onde, un lave vaisselle<br>Vaisselle et assises pr\u00e9vues pour 6 personnes<br>Eau courante chaude et froide, chauffage et climatisation dans l\u2019habitat<br>S\u00e9jour \u00e9quip\u00e9 d\u2019une t\u00e9l\u00e9vision<\/p>\t\t\t\t\t\t\t\t<\/div>\n\t\t\t\t<\/div>\n\t\t\t\t<section class=\"elementor-section elementor-inner-section elementor-element elementor-element-f8f31a2 elementor-section-boxed elementor-section-height-default elementor-section-height-default\" data-id=\"f8f31a2\" data-element_type=\"section\" data-e-type=\"section\">\n\t\t\t\t\t\t<div class=\"elementor-container elementor-column-gap-default\">\n\t\t\t\t\t<div class=\"elementor-column elementor-col-50 elementor-inner-column elementor-element elementor-element-9467776\" data-id=\"9467776\" data-element_type=\"column\" data-e-type=\"column\">\n\t\t\t<div class=\"elementor-widget-wrap elementor-element-populated\">\n\t\t\t\t\t\t<div class=\"elementor-element elementor-element-4c2b609 elementor-widget elementor-widget-image\" data-id=\"4c2b609\" data-element_type=\"widget\" data-e-type=\"widget\" data-widget_type=\"image.default\">\n\t\t\t\t<div class=\"elementor-widget-container\">\n\t\t\t\t\t\t\t\t\t\t\t\t\t\t\t<img decoding=\"async\" width=\"640\" height=\"427\" src=\"https:\/\/campingcitecarcassonne.com\/wp-content\/uploads\/2016\/02\/SALON-1024x683.jpg\" class=\"attachment-large size-large wp-image-2363\" alt=\"\" srcset=\"https:\/\/campingcitecarcassonne.com\/wp-content\/uploads\/2016\/02\/SALON-1024x683.jpg 1024w, https:\/\/campingcitecarcassonne.com\/wp-content\/uploads\/2016\/02\/SALON-300x200.jpg 300w, https:\/\/campingcitecarcassonne.com\/wp-content\/uploads\/2016\/02\/SALON-768x512.jpg 768w, https:\/\/campingcitecarcassonne.com\/wp-content\/uploads\/2016\/02\/SALON-750x500.jpg 750w\" sizes=\"(max-width: 640px) 100vw, 640px\" \/>\t\t\t\t\t\t\t\t\t\t\t\t\t\t\t<\/div>\n\t\t\t\t<\/div>\n\t\t\t\t\t<\/div>\n\t\t<\/div>\n\t\t\t\t<div class=\"elementor-column elementor-col-50 elementor-inner-column elementor-element elementor-element-ee40a32\" data-id=\"ee40a32\" data-element_type=\"column\" data-e-type=\"column\">\n\t\t\t<div class=\"elementor-widget-wrap elementor-element-populated\">\n\t\t\t\t\t\t<div class=\"elementor-element elementor-element-f496b54 elementor-widget elementor-widget-image\" data-id=\"f496b54\" data-element_type=\"widget\" data-e-type=\"widget\" data-widget_type=\"image.default\">\n\t\t\t\t<div class=\"elementor-widget-container\">\n\t\t\t\t\t\t\t\t\t\t\t\t\t\t\t<img decoding=\"async\" width=\"640\" height=\"427\" src=\"https:\/\/campingcitecarcassonne.com\/wp-content\/uploads\/MH31-Cuisine-1024x683.jpg\" class=\"attachment-large size-large wp-image-5669\" alt=\"\" srcset=\"https:\/\/campingcitecarcassonne.com\/wp-content\/uploads\/MH31-Cuisine-1024x683.jpg 1024w, https:\/\/campingcitecarcassonne.com\/wp-content\/uploads\/MH31-Cuisine-300x200.jpg 300w, https:\/\/campingcitecarcassonne.com\/wp-content\/uploads\/MH31-Cuisine-768x512.jpg 768w, https:\/\/campingcitecarcassonne.com\/wp-content\/uploads\/MH31-Cuisine-1536x1024.jpg 1536w, https:\/\/campingcitecarcassonne.com\/wp-content\/uploads\/MH31-Cuisine-2048x1365.jpg 2048w, https:\/\/campingcitecarcassonne.com\/wp-content\/uploads\/MH31-Cuisine-750x500.jpg 750w\" sizes=\"(max-width: 640px) 100vw, 640px\" \/>\t\t\t\t\t\t\t\t\t\t\t\t\t\t\t<\/div>\n\t\t\t\t<\/div>\n\t\t\t\t\t<\/div>\n\t\t<\/div>\n\t\t\t\t\t<\/div>\n\t\t<\/section>\n\t\t\t\t<div class=\"elementor-element elementor-element-6d5fe72 elementor-widget elementor-widget-spacer\" data-id=\"6d5fe72\" data-element_type=\"widget\" data-e-type=\"widget\" data-widget_type=\"spacer.default\">\n\t\t\t\t<div class=\"elementor-widget-container\">\n\t\t\t\t\t\t\t<div class=\"elementor-spacer\">\n\t\t\t<div class=\"elementor-spacer-inner\"><\/div>\n\t\t<\/div>\n\t\t\t\t\t\t<\/div>\n\t\t\t\t<\/div>\n\t\t\t\t<div class=\"elementor-element elementor-element-328a6ea elementor-widget elementor-widget-heading\" data-id=\"328a6ea\" data-element_type=\"widget\" data-e-type=\"widget\" data-widget_type=\"heading.default\">\n\t\t\t\t<div class=\"elementor-widget-container\">\n\t\t\t\t\t<h2 class=\"elementor-heading-title elementor-size-default\">Chambres<\/h2>\t\t\t\t<\/div>\n\t\t\t\t<\/div>\n\t\t\t\t<div class=\"elementor-element elementor-element-204e183 elementor-widget elementor-widget-text-editor\" data-id=\"204e183\" data-element_type=\"widget\" data-e-type=\"widget\" data-widget_type=\"text-editor.default\">\n\t\t\t\t<div class=\"elementor-widget-container\">\n\t\t\t\t\t\t\t\t\t<div class=\"elementor-widget-container\"><div class=\"elementor-text-editor elementor-clearfix elementor-inline-editing\" data-elementor-setting-key=\"editor\" data-elementor-inline-editing-toolbar=\"advanced\"><div><div data-elementor-setting-key=\"editor\" data-elementor-inline-editing-toolbar=\"advanced\"><div><div data-elementor-setting-key=\"editor\" data-elementor-inline-editing-toolbar=\"advanced\"><div><div data-elementor-setting-key=\"editor\" data-elementor-inline-editing-toolbar=\"advanced\"><p>1 chambre avec 1 lit double en 140 et 2 chambre avec 2 lits simples en 80.<br \/>Les lits sont \u00e9quip\u00e9s avec des couvertures, oreillers et al\u00e8ses.<\/p><p><strong>Attention<\/strong> : les draps ne sont pas fournis<\/p><\/div><\/div><\/div><\/div><\/div><\/div><\/div><\/div>\t\t\t\t\t\t\t\t<\/div>\n\t\t\t\t<\/div>\n\t\t\t\t<section class=\"elementor-section elementor-inner-section elementor-element elementor-element-f7a9a9e elementor-section-boxed elementor-section-height-default elementor-section-height-default\" data-id=\"f7a9a9e\" data-element_type=\"section\" data-e-type=\"section\">\n\t\t\t\t\t\t<div class=\"elementor-container elementor-column-gap-default\">\n\t\t\t\t\t<div class=\"elementor-column elementor-col-50 elementor-inner-column elementor-element elementor-element-e5966b1\" data-id=\"e5966b1\" data-element_type=\"column\" data-e-type=\"column\">\n\t\t\t<div class=\"elementor-widget-wrap elementor-element-populated\">\n\t\t\t\t\t\t<div class=\"elementor-element elementor-element-0f87059 elementor-widget elementor-widget-image\" data-id=\"0f87059\" data-element_type=\"widget\" data-e-type=\"widget\" data-widget_type=\"image.default\">\n\t\t\t\t<div class=\"elementor-widget-container\">\n\t\t\t\t\t\t\t\t\t\t\t\t\t\t\t<img loading=\"lazy\" decoding=\"async\" width=\"640\" height=\"427\" src=\"https:\/\/campingcitecarcassonne.com\/wp-content\/uploads\/2016\/02\/ADULTES-1-1024x683.jpg\" class=\"attachment-large size-large wp-image-2336\" alt=\"\" srcset=\"https:\/\/campingcitecarcassonne.com\/wp-content\/uploads\/2016\/02\/ADULTES-1-1024x683.jpg 1024w, https:\/\/campingcitecarcassonne.com\/wp-content\/uploads\/2016\/02\/ADULTES-1-300x200.jpg 300w, https:\/\/campingcitecarcassonne.com\/wp-content\/uploads\/2016\/02\/ADULTES-1-768x512.jpg 768w, https:\/\/campingcitecarcassonne.com\/wp-content\/uploads\/2016\/02\/ADULTES-1-750x500.jpg 750w\" sizes=\"(max-width: 640px) 100vw, 640px\" \/>\t\t\t\t\t\t\t\t\t\t\t\t\t\t\t<\/div>\n\t\t\t\t<\/div>\n\t\t\t\t\t<\/div>\n\t\t<\/div>\n\t\t\t\t<div class=\"elementor-column elementor-col-50 elementor-inner-column elementor-element elementor-element-940719f\" data-id=\"940719f\" data-element_type=\"column\" data-e-type=\"column\">\n\t\t\t<div class=\"elementor-widget-wrap elementor-element-populated\">\n\t\t\t\t\t\t<div class=\"elementor-element elementor-element-22698ba elementor-widget elementor-widget-image\" data-id=\"22698ba\" data-element_type=\"widget\" data-e-type=\"widget\" data-widget_type=\"image.default\">\n\t\t\t\t<div class=\"elementor-widget-container\">\n\t\t\t\t\t\t\t\t\t\t\t\t\t\t\t<img loading=\"lazy\" decoding=\"async\" width=\"640\" height=\"427\" src=\"https:\/\/campingcitecarcassonne.com\/wp-content\/uploads\/2016\/02\/ENFANTS-1-1024x683.jpg\" class=\"attachment-large size-large wp-image-2338\" alt=\"\" srcset=\"https:\/\/campingcitecarcassonne.com\/wp-content\/uploads\/2016\/02\/ENFANTS-1-1024x683.jpg 1024w, https:\/\/campingcitecarcassonne.com\/wp-content\/uploads\/2016\/02\/ENFANTS-1-300x200.jpg 300w, https:\/\/campingcitecarcassonne.com\/wp-content\/uploads\/2016\/02\/ENFANTS-1-768x512.jpg 768w, https:\/\/campingcitecarcassonne.com\/wp-content\/uploads\/2016\/02\/ENFANTS-1-750x500.jpg 750w\" sizes=\"(max-width: 640px) 100vw, 640px\" \/>\t\t\t\t\t\t\t\t\t\t\t\t\t\t\t<\/div>\n\t\t\t\t<\/div>\n\t\t\t\t\t<\/div>\n\t\t<\/div>\n\t\t\t\t\t<\/div>\n\t\t<\/section>\n\t\t\t\t<div class=\"elementor-element elementor-element-6d347aa elementor-widget elementor-widget-spacer\" data-id=\"6d347aa\" data-element_type=\"widget\" data-e-type=\"widget\" data-widget_type=\"spacer.default\">\n\t\t\t\t<div class=\"elementor-widget-container\">\n\t\t\t\t\t\t\t<div class=\"elementor-spacer\">\n\t\t\t<div class=\"elementor-spacer-inner\"><\/div>\n\t\t<\/div>\n\t\t\t\t\t\t<\/div>\n\t\t\t\t<\/div>\n\t\t\t\t<div class=\"elementor-element elementor-element-d3ebbfe elementor-widget elementor-widget-heading\" data-id=\"d3ebbfe\" data-element_type=\"widget\" data-e-type=\"widget\" data-widget_type=\"heading.default\">\n\t\t\t\t<div class=\"elementor-widget-container\">\n\t\t\t\t\t<h2 class=\"elementor-heading-title elementor-size-default\">Sanitaires<\/h2>\t\t\t\t<\/div>\n\t\t\t\t<\/div>\n\t\t\t\t<div class=\"elementor-element elementor-element-f5b1022 elementor-widget elementor-widget-text-editor\" data-id=\"f5b1022\" data-element_type=\"widget\" data-e-type=\"widget\" data-widget_type=\"text-editor.default\">\n\t\t\t\t<div class=\"elementor-widget-container\">\n\t\t\t\t\t\t\t\t\t<div class=\"elementor-widget-container\"><div class=\"elementor-text-editor elementor-clearfix elementor-inline-editing\" data-elementor-setting-key=\"editor\" data-elementor-inline-editing-toolbar=\"advanced\"><div><div data-elementor-setting-key=\"editor\" data-elementor-inline-editing-toolbar=\"advanced\"><div><div data-elementor-setting-key=\"editor\" data-elementor-inline-editing-toolbar=\"advanced\"><div><div data-elementor-setting-key=\"editor\" data-elementor-inline-editing-toolbar=\"advanced\"><p>Les sanitaires se composent d\u2019une cabine de douche et d\u2019un lavabo<br \/>Les wc sont ind\u00e9pendants<\/p><p><strong>Attention<\/strong> : le linge de\u00a0 bain (serviettes et tapis) et le papier wc ne sont pas fournis<\/p><\/div><\/div><\/div><\/div><\/div><\/div><\/div><\/div>\t\t\t\t\t\t\t\t<\/div>\n\t\t\t\t<\/div>\n\t\t\t\t<div class=\"elementor-element elementor-element-17dfcc9 elementor-widget elementor-widget-spacer\" data-id=\"17dfcc9\" data-element_type=\"widget\" data-e-type=\"widget\" data-widget_type=\"spacer.default\">\n\t\t\t\t<div class=\"elementor-widget-container\">\n\t\t\t\t\t\t\t<div class=\"elementor-spacer\">\n\t\t\t<div class=\"elementor-spacer-inner\"><\/div>\n\t\t<\/div>\n\t\t\t\t\t\t<\/div>\n\t\t\t\t<\/div>\n\t\t\t\t<div class=\"elementor-element elementor-element-4874aeb elementor-widget elementor-widget-heading\" data-id=\"4874aeb\" data-element_type=\"widget\" data-e-type=\"widget\" data-widget_type=\"heading.default\">\n\t\t\t\t<div class=\"elementor-widget-container\">\n\t\t\t\t\t<h2 class=\"elementor-heading-title elementor-size-default\">Inventaire <\/h2>\t\t\t\t<\/div>\n\t\t\t\t<\/div>\n\t\t\t\t<div class=\"elementor-element elementor-element-a6da859 elementor-widget elementor-widget-text-editor\" data-id=\"a6da859\" data-element_type=\"widget\" data-e-type=\"widget\" data-widget_type=\"text-editor.default\">\n\t\t\t\t<div class=\"elementor-widget-container\">\n\t\t\t\t\t\t\t\t\t<div class=\"elementor-widget-container\">\n\t\t\t\t\t\t\t\t<div class=\"elementor-text-editor elementor-clearfix elementor-inline-editing\" data-elementor-setting-key=\"editor\" data-elementor-inline-editing-toolbar=\"advanced\">\n\t\t\t\t<div>\n<div data-elementor-setting-key=\"editor\" data-elementor-inline-editing-toolbar=\"advanced\">\n<div>\n<div data-elementor-setting-key=\"editor\" data-elementor-inline-editing-toolbar=\"advanced\">\n<div>\n<div data-elementor-setting-key=\"editor\" data-elementor-inline-editing-toolbar=\"advanced\">\n<div>\n<div data-elementor-setting-key=\"editor\" data-elementor-inline-editing-toolbar=\"advanced\">\n<p style=\"text-align: left;\"><strong>kit vaisselle<\/strong> : assiettes \nplates, assiettes creuses, assiettes \u00e0 dessert, bols, verres, tasses \u00e0 \ncaf\u00e9 avec sous-tasses, cuill\u00e8res, fourchettes, couteaux, cuill\u00e8res \u00e0 \ncaf\u00e9, carafe, cafeti\u00e8re \u00e9lectrique, casseroles, faitout, plat, saladier,\n po\u00eale, passoire, planche \u00e0 d\u00e9couper, ustensiles de cuisine.<\/p>\n<p><strong>M\u00e9nage<\/strong> : seau, serpilli\u00e8re, bassine, balai coco, balai brosse, pelle, poubelle, \u00e9tendoir \u00e0 linge<\/p>\n<\/div>\n<\/div>\n<\/div>\n<\/div>\n<\/div>\n<\/div>\n<\/div>\n<\/div>\t\t\t\t\t<\/div>\n\t\t\t\t\t\t<\/div><p><\/p>\t\t\t\t\t\t\t\t<\/div>\n\t\t\t\t<\/div>\n\t\t\t\t<div class=\"elementor-element elementor-element-82eba40 elementor-widget elementor-widget-spacer\" data-id=\"82eba40\" data-element_type=\"widget\" data-e-type=\"widget\" data-widget_type=\"spacer.default\">\n\t\t\t\t<div class=\"elementor-widget-container\">\n\t\t\t\t\t\t\t<div class=\"elementor-spacer\">\n\t\t\t<div class=\"elementor-spacer-inner\"><\/div>\n\t\t<\/div>\n\t\t\t\t\t\t<\/div>\n\t\t\t\t<\/div>\n\t\t\t\t<div class=\"elementor-element elementor-element-62091bf elementor-widget elementor-widget-text-editor\" data-id=\"62091bf\" data-element_type=\"widget\" data-e-type=\"widget\" data-widget_type=\"text-editor.default\">\n\t\t\t\t<div class=\"elementor-widget-container\">\n\t\t\t\t\t\t\t\t\t<p style=\"text-align: center;\"><a href=\"https:\/\/thelisresa.webcamp.fr\/?lang=fr&amp;camping=carcassonne&amp;PHPSESSID=hes8feil0bgbkj9lm81n703mjo\"><span style=\"text-decoration: underline;\"><strong>JE R\u00c9SERVE MON 31M\u00b2<\/strong><\/span><\/a><\/p>\t\t\t\t\t\t\t\t<\/div>\n\t\t\t\t<\/div>\n\t\t\t\t\t<\/div>\n\t\t<\/div>\n\t\t\t\t\t<\/div>\n\t\t<\/section>\n\t\t\t\t<\/div>\n\t\t","protected":false},"excerpt":{"rendered":"<p>NOS MOBILE-HOMES 31M\u00b2 Capacit\u00e9 :\u00a06 personne avec chambre double + 2 chambres avec lits simples + s\u00e9jour avec TV et cuisine + salle de bain et WC ind\u00e9pendants + climatisation. La disposition et les couleurs du mobilier ne sont pas les m\u00eames dans tous les mobile-homes 31m\u00b2 S\u00e9jour et cuisine Kitchenette \u00e9quip\u00e9e d\u2019une plaque deux<a href=\"https:\/\/campingcitecarcassonne.com\/index.php\/hebergement\/mobile-home-31-m2\/\">[&#8230;]<\/a><\/p>\n","protected":false},"author":1,"featured_media":0,"parent":2,"menu_order":0,"comment_status":"closed","ping_status":"closed","template":"","meta":{"footnotes":""},"class_list":["post-595","page","type-page","status-publish","hentry"],"_links":{"self":[{"href":"https:\/\/campingcitecarcassonne.com\/index.php\/wp-json\/wp\/v2\/pages\/595","targetHints":{"allow":["GET"]}}],"collection":[{"href":"https:\/\/campingcitecarcassonne.com\/index.php\/wp-json\/wp\/v2\/pages"}],"about":[{"href":"https:\/\/campingcitecarcassonne.com\/index.php\/wp-json\/wp\/v2\/types\/page"}],"author":[{"embeddable":true,"href":"https:\/\/campingcitecarcassonne.com\/index.php\/wp-json\/wp\/v2\/users\/1"}],"replies":[{"embeddable":true,"href":"https:\/\/campingcitecarcassonne.com\/index.php\/wp-json\/wp\/v2\/comments?post=595"}],"version-history":[{"count":145,"href":"https:\/\/campingcitecarcassonne.com\/index.php\/wp-json\/wp\/v2\/pages\/595\/revisions"}],"predecessor-version":[{"id":6681,"href":"https:\/\/campingcitecarcassonne.com\/index.php\/wp-json\/wp\/v2\/pages\/595\/revisions\/6681"}],"up":[{"embeddable":true,"href":"https:\/\/campingcitecarcassonne.com\/index.php\/wp-json\/wp\/v2\/pages\/2"}],"wp:attachment":[{"href":"https:\/\/campingcitecarcassonne.com\/index.php\/wp-json\/wp\/v2\/media?parent=595"}],"curies":[{"name":"wp","href":"https:\/\/api.w.org\/{rel}","templated":true}]}}