{"id":6201,"date":"2023-03-01T12:11:51","date_gmt":"2023-03-01T12:11:51","guid":{"rendered":"http:\/\/51.254.206.78\/camping2023\/?page_id=6201"},"modified":"2023-03-16T14:02:39","modified_gmt":"2023-03-16T14:02:39","slug":"venir-au-camping","status":"publish","type":"page","link":"https:\/\/campingcitecarcassonne.com\/index.php\/venir-au-camping\/","title":{"rendered":"Venir au Camping"},"content":{"rendered":"\t\t<div data-elementor-type=\"wp-page\" data-elementor-id=\"6201\" class=\"elementor elementor-6201\">\n\t\t\t\t\t\t<section class=\"elementor-section elementor-top-section elementor-element elementor-element-9a17d83 elementor-section-boxed elementor-section-height-default elementor-section-height-default\" data-id=\"9a17d83\" data-element_type=\"section\" data-e-type=\"section\">\n\t\t\t\t\t\t<div class=\"elementor-container elementor-column-gap-default\">\n\t\t\t\t\t<div class=\"elementor-column elementor-col-100 elementor-top-column elementor-element elementor-element-4d31ccb\" data-id=\"4d31ccb\" data-element_type=\"column\" data-e-type=\"column\">\n\t\t\t<div class=\"elementor-widget-wrap elementor-element-populated\">\n\t\t\t\t\t\t<div class=\"elementor-element elementor-element-3e745e5 elementor-widget elementor-widget-text-editor\" data-id=\"3e745e5\" data-element_type=\"widget\" data-e-type=\"widget\" data-widget_type=\"text-editor.default\">\n\t\t\t\t<div class=\"elementor-widget-container\">\n\t\t\t\t\t\t\t\t\t<p>Adresse du Camping : Chemin Bernard D\u00e9licieux, 11.000 Carcassonne <\/p><p>Coordonn\u00e9es GPS : Latitude N: 43\u00b0 12\u2032 2.916\u2033 \u2013 Longitude E: 2\u00b0 21\u2032 14.891\u2033<\/p>\t\t\t\t\t\t\t\t<\/div>\n\t\t\t\t<\/div>\n\t\t\t\t<div class=\"elementor-element elementor-element-e567f5e elementor-widget elementor-widget-heading\" data-id=\"e567f5e\" data-element_type=\"widget\" data-e-type=\"widget\" data-widget_type=\"heading.default\">\n\t\t\t\t<div class=\"elementor-widget-container\">\n\t\t\t\t\t<h2 class=\"elementor-heading-title elementor-size-default\">Depuis l'Autoroute des deux mers (A61) <\/h2>\t\t\t\t<\/div>\n\t\t\t\t<\/div>\n\t\t\t\t<div class=\"elementor-element elementor-element-761955c elementor-widget elementor-widget-image\" data-id=\"761955c\" data-element_type=\"widget\" data-e-type=\"widget\" data-widget_type=\"image.default\">\n\t\t\t\t<div class=\"elementor-widget-container\">\n\t\t\t\t\t\t\t\t\t\t\t\t\t\t\t<img fetchpriority=\"high\" decoding=\"async\" width=\"1343\" height=\"711\" src=\"https:\/\/campingcitecarcassonne.com\/wp-content\/uploads\/Capture-5.jpg\" class=\"attachment-full size-full wp-image-6443\" alt=\"\" srcset=\"https:\/\/campingcitecarcassonne.com\/wp-content\/uploads\/Capture-5.jpg 1343w, https:\/\/campingcitecarcassonne.com\/wp-content\/uploads\/Capture-5-300x159.jpg 300w, https:\/\/campingcitecarcassonne.com\/wp-content\/uploads\/Capture-5-1024x542.jpg 1024w, https:\/\/campingcitecarcassonne.com\/wp-content\/uploads\/Capture-5-768x407.jpg 768w\" sizes=\"(max-width: 1343px) 100vw, 1343px\" \/>\t\t\t\t\t\t\t\t\t\t\t\t\t\t\t<\/div>\n\t\t\t\t<\/div>\n\t\t\t\t<div class=\"elementor-element elementor-element-5e6a318 elementor-widget elementor-widget-spacer\" data-id=\"5e6a318\" data-element_type=\"widget\" data-e-type=\"widget\" data-widget_type=\"spacer.default\">\n\t\t\t\t<div class=\"elementor-widget-container\">\n\t\t\t\t\t\t\t<div class=\"elementor-spacer\">\n\t\t\t<div class=\"elementor-spacer-inner\"><\/div>\n\t\t<\/div>\n\t\t\t\t\t\t<\/div>\n\t\t\t\t<\/div>\n\t\t\t\t<div class=\"elementor-element elementor-element-8659779 elementor-widget elementor-widget-heading\" data-id=\"8659779\" data-element_type=\"widget\" data-e-type=\"widget\" data-widget_type=\"heading.default\">\n\t\t\t\t<div class=\"elementor-widget-container\">\n\t\t\t\t\t<h2 class=\"elementor-heading-title elementor-size-default\">Depuis l'a\u00e9roport <\/h2>\t\t\t\t<\/div>\n\t\t\t\t<\/div>\n\t\t\t\t<section class=\"elementor-section elementor-inner-section elementor-element elementor-element-4692960 elementor-section-boxed elementor-section-height-default elementor-section-height-default\" data-id=\"4692960\" data-element_type=\"section\" data-e-type=\"section\">\n\t\t\t\t\t\t<div class=\"elementor-container elementor-column-gap-default\">\n\t\t\t\t\t<div class=\"elementor-column elementor-col-50 elementor-inner-column elementor-element elementor-element-20f1e6a\" data-id=\"20f1e6a\" data-element_type=\"column\" data-e-type=\"column\">\n\t\t\t<div class=\"elementor-widget-wrap elementor-element-populated\">\n\t\t\t\t\t\t<div class=\"elementor-element elementor-element-a034708 elementor-widget elementor-widget-image\" data-id=\"a034708\" data-element_type=\"widget\" data-e-type=\"widget\" data-widget_type=\"image.default\">\n\t\t\t\t<div class=\"elementor-widget-container\">\n\t\t\t\t\t\t\t\t\t\t\t\t\t\t\t<img decoding=\"async\" src=\"https:\/\/campingcitecarcassonne.com\/wp-content\/uploads\/elementor\/thumbs\/aeroport_sud_de_france_carcassonne_01106900_180637101-q2vcp9r6zpc945oh4cyy9oxg5etd9tmts8qqxforrq.jpeg\" title=\"aeroport_sud_de_france_carcassonne_01106900_180637101\" alt=\"aeroport_sud_de_france_carcassonne_01106900_180637101\" loading=\"lazy\" \/>\t\t\t\t\t\t\t\t\t\t\t\t\t\t\t<\/div>\n\t\t\t\t<\/div>\n\t\t\t\t\t<\/div>\n\t\t<\/div>\n\t\t\t\t<div class=\"elementor-column elementor-col-50 elementor-inner-column elementor-element elementor-element-c78d1c8\" data-id=\"c78d1c8\" data-element_type=\"column\" data-e-type=\"column\">\n\t\t\t<div class=\"elementor-widget-wrap elementor-element-populated\">\n\t\t\t\t\t\t<div class=\"elementor-element elementor-element-04f68ad elementor-widget elementor-widget-text-editor\" data-id=\"04f68ad\" data-element_type=\"widget\" data-e-type=\"widget\" data-widget_type=\"text-editor.default\">\n\t\t\t\t<div class=\"elementor-widget-container\">\n\t\t\t\t\t\t\t\t\t<p>Trajet : 7 min. en voiture<\/p><div>Itin\u00e9raire :<\/div><div>\u00a0<\/div><ul><li>Prendre la D119 (route de Montr\u00e9al) puis tournez \u00e0 droite sur la D6161<\/li><li>Au grand rond point, prendre la 5\u00e8me sortie et continuer sur 200 m\u00e8tres<\/li><li>Au croisement, tournez \u00e0 gauche sur la D118 (route de Limoux) jusqu&rsquo;au rond point<\/li><li>Au rond point prenez \u00e0 la 1\u00e8re sortie \u00e0 droite, passez devant le stade, au rond-point prenez la 2\u00e8me sortie \u00e0 gauche.<\/li><li>Continuez sur la D104 (chemin Bernard D\u00e9licieux) pendant quelques kilom\u00e8tres et vous verrez apparaitre le camping sur votre gauche.<\/li><\/ul><div>\u00a0<\/div>\t\t\t\t\t\t\t\t<\/div>\n\t\t\t\t<\/div>\n\t\t\t\t\t<\/div>\n\t\t<\/div>\n\t\t\t\t\t<\/div>\n\t\t<\/section>\n\t\t\t\t<div class=\"elementor-element elementor-element-50c26be elementor-widget elementor-widget-spacer\" data-id=\"50c26be\" data-element_type=\"widget\" data-e-type=\"widget\" data-widget_type=\"spacer.default\">\n\t\t\t\t<div class=\"elementor-widget-container\">\n\t\t\t\t\t\t\t<div class=\"elementor-spacer\">\n\t\t\t<div class=\"elementor-spacer-inner\"><\/div>\n\t\t<\/div>\n\t\t\t\t\t\t<\/div>\n\t\t\t\t<\/div>\n\t\t\t\t<div class=\"elementor-element elementor-element-94f2ded elementor-widget elementor-widget-heading\" data-id=\"94f2ded\" data-element_type=\"widget\" data-e-type=\"widget\" data-widget_type=\"heading.default\">\n\t\t\t\t<div class=\"elementor-widget-container\">\n\t\t\t\t\t<h2 class=\"elementor-heading-title elementor-size-default\">Depuis la gare SNCF<\/h2>\t\t\t\t<\/div>\n\t\t\t\t<\/div>\n\t\t\t\t<section class=\"elementor-section elementor-inner-section elementor-element elementor-element-2cd0a02 elementor-section-boxed elementor-section-height-default elementor-section-height-default\" data-id=\"2cd0a02\" data-element_type=\"section\" data-e-type=\"section\">\n\t\t\t\t\t\t<div class=\"elementor-container elementor-column-gap-default\">\n\t\t\t\t\t<div class=\"elementor-column elementor-col-50 elementor-inner-column elementor-element elementor-element-3d3f042\" data-id=\"3d3f042\" data-element_type=\"column\" data-e-type=\"column\">\n\t\t\t<div class=\"elementor-widget-wrap elementor-element-populated\">\n\t\t\t\t\t\t<div class=\"elementor-element elementor-element-d25fd2b elementor-widget elementor-widget-text-editor\" data-id=\"d25fd2b\" data-element_type=\"widget\" data-e-type=\"widget\" data-widget_type=\"text-editor.default\">\n\t\t\t\t<div class=\"elementor-widget-container\">\n\t\t\t\t\t\t\t\t\t<p>Trajet : 30 min \u00e0 pied ou 12 min \u00e0 v\u00e9lo.<\/p><p>Itin\u00e9raire :<\/p><ul><li>En sortant de la gare, prenez toujours tout droit pour redescendre la rue principale du centre ville de Carcassonne (rue Cl\u00e9menceau) jusqu&rsquo;\u00e0 la Place Carnot puis deuxi\u00e8me \u00e0 gauche par la rue Aim\u00e9 Ramond jusqu&rsquo;au square Gambetta.<\/li><li>Passez ensuite par la rue du Pont-Vieux.<\/li><li>Traversez le pont vieux puis tournez \u00e0 droite et continuer encore sur quelques centaines de m\u00e8tres jusqu&rsquo;\u00e0 emprunter le petit chemin qui longe le ruisseau<\/li><li>Le camping se trouvera ensuite sur votre gauche au bout de ce chemin<\/li><\/ul>\t\t\t\t\t\t\t\t<\/div>\n\t\t\t\t<\/div>\n\t\t\t\t\t<\/div>\n\t\t<\/div>\n\t\t\t\t<div class=\"elementor-column elementor-col-50 elementor-inner-column elementor-element elementor-element-0cb2270\" data-id=\"0cb2270\" data-element_type=\"column\" data-e-type=\"column\">\n\t\t\t<div class=\"elementor-widget-wrap elementor-element-populated\">\n\t\t\t\t\t\t<div class=\"elementor-element elementor-element-2ca205f elementor-widget elementor-widget-image\" data-id=\"2ca205f\" data-element_type=\"widget\" data-e-type=\"widget\" data-widget_type=\"image.default\">\n\t\t\t\t<div class=\"elementor-widget-container\">\n\t\t\t\t\t\t\t\t\t\t\t\t\t\t\t<img decoding=\"async\" width=\"640\" height=\"427\" src=\"https:\/\/campingcitecarcassonne.com\/wp-content\/uploads\/France_carcassonne_gare-1024x683.jpg\" class=\"attachment-large size-large wp-image-6204\" alt=\"\" srcset=\"https:\/\/campingcitecarcassonne.com\/wp-content\/uploads\/France_carcassonne_gare-1024x683.jpg 1024w, https:\/\/campingcitecarcassonne.com\/wp-content\/uploads\/France_carcassonne_gare-300x200.jpg 300w, https:\/\/campingcitecarcassonne.com\/wp-content\/uploads\/France_carcassonne_gare-768x512.jpg 768w, https:\/\/campingcitecarcassonne.com\/wp-content\/uploads\/France_carcassonne_gare-1536x1024.jpg 1536w, https:\/\/campingcitecarcassonne.com\/wp-content\/uploads\/France_carcassonne_gare-750x500.jpg 750w, https:\/\/campingcitecarcassonne.com\/wp-content\/uploads\/France_carcassonne_gare.jpg 1986w\" sizes=\"(max-width: 640px) 100vw, 640px\" \/>\t\t\t\t\t\t\t\t\t\t\t\t\t\t\t<\/div>\n\t\t\t\t<\/div>\n\t\t\t\t\t<\/div>\n\t\t<\/div>\n\t\t\t\t\t<\/div>\n\t\t<\/section>\n\t\t\t\t\t<\/div>\n\t\t<\/div>\n\t\t\t\t\t<\/div>\n\t\t<\/section>\n\t\t\t\t<section class=\"elementor-section elementor-top-section elementor-element elementor-element-7663332 elementor-section-boxed elementor-section-height-default elementor-section-height-default\" data-id=\"7663332\" data-element_type=\"section\" data-e-type=\"section\">\n\t\t\t\t\t\t<div class=\"elementor-container elementor-column-gap-default\">\n\t\t\t\t\t<div class=\"elementor-column elementor-col-100 elementor-top-column elementor-element elementor-element-d0d7fc8\" data-id=\"d0d7fc8\" data-element_type=\"column\" data-e-type=\"column\">\n\t\t\t<div class=\"elementor-widget-wrap elementor-element-populated\">\n\t\t\t\t\t\t<div class=\"elementor-element elementor-element-0bc17a0 elementor-widget elementor-widget-image\" data-id=\"0bc17a0\" data-element_type=\"widget\" data-e-type=\"widget\" data-widget_type=\"image.default\">\n\t\t\t\t<div class=\"elementor-widget-container\">\n\t\t\t\t\t\t\t\t\t\t\t\t\t\t\t<img decoding=\"async\" width=\"640\" height=\"730\" src=\"https:\/\/campingcitecarcassonne.com\/wp-content\/uploads\/plan-gare-web.jpg\" class=\"attachment-large size-large wp-image-6208\" alt=\"\" srcset=\"https:\/\/campingcitecarcassonne.com\/wp-content\/uploads\/plan-gare-web.jpg 709w, https:\/\/campingcitecarcassonne.com\/wp-content\/uploads\/plan-gare-web-263x300.jpg 263w\" sizes=\"(max-width: 640px) 100vw, 640px\" \/>\t\t\t\t\t\t\t\t\t\t\t\t\t\t\t<\/div>\n\t\t\t\t<\/div>\n\t\t\t\t\t<\/div>\n\t\t<\/div>\n\t\t\t\t\t<\/div>\n\t\t<\/section>\n\t\t\t\t<\/div>\n\t\t","protected":false},"excerpt":{"rendered":"<p>Adresse du Camping : Chemin Bernard D\u00e9licieux, 11.000 Carcassonne Coordonn\u00e9es GPS : Latitude N: 43\u00b0 12\u2032 2.916\u2033 \u2013 Longitude E: 2\u00b0 21\u2032 14.891\u2033 Depuis l&rsquo;Autoroute des deux mers (A61) Depuis l&rsquo;a\u00e9roport Trajet : 7 min. en voiture Itin\u00e9raire :\u00a0 Prendre la D119 (route de Montr\u00e9al) puis tournez \u00e0 droite sur la D6161 Au grand rond<a href=\"https:\/\/campingcitecarcassonne.com\/index.php\/venir-au-camping\/\">[&#8230;]<\/a><\/p>\n","protected":false},"author":2,"featured_media":0,"parent":0,"menu_order":0,"comment_status":"closed","ping_status":"closed","template":"","meta":{"footnotes":""},"class_list":["post-6201","page","type-page","status-publish","hentry"],"_links":{"self":[{"href":"https:\/\/campingcitecarcassonne.com\/index.php\/wp-json\/wp\/v2\/pages\/6201","targetHints":{"allow":["GET"]}}],"collection":[{"href":"https:\/\/campingcitecarcassonne.com\/index.php\/wp-json\/wp\/v2\/pages"}],"about":[{"href":"https:\/\/campingcitecarcassonne.com\/index.php\/wp-json\/wp\/v2\/types\/page"}],"author":[{"embeddable":true,"href":"https:\/\/campingcitecarcassonne.com\/index.php\/wp-json\/wp\/v2\/users\/2"}],"replies":[{"embeddable":true,"href":"https:\/\/campingcitecarcassonne.com\/index.php\/wp-json\/wp\/v2\/comments?post=6201"}],"version-history":[{"count":14,"href":"https:\/\/campingcitecarcassonne.com\/index.php\/wp-json\/wp\/v2\/pages\/6201\/revisions"}],"predecessor-version":[{"id":6449,"href":"https:\/\/campingcitecarcassonne.com\/index.php\/wp-json\/wp\/v2\/pages\/6201\/revisions\/6449"}],"wp:attachment":[{"href":"https:\/\/campingcitecarcassonne.com\/index.php\/wp-json\/wp\/v2\/media?parent=6201"}],"curies":[{"name":"wp","href":"https:\/\/api.w.org\/{rel}","templated":true}]}}